{"id":1163,"date":"2023-06-16T15:43:49","date_gmt":"2023-06-16T08:43:49","guid":{"rendered":"https:\/\/seko.com.vn\/?post_type=product&#038;p=1163"},"modified":"2024-07-09T14:37:33","modified_gmt":"2024-07-09T07:37:33","slug":"ao-dieu-hoa-seko-manh-nhat-2023-mau-ran-ri","status":"publish","type":"product","link":"https:\/\/seko.com.vn\/?product=ao-dieu-hoa-seko-manh-nhat-2023-mau-ran-ri","title":{"rendered":"\u00c1o \u0111i\u1ec1u ho\u00e0 SEKO 14v pro c\u1ef1c m\u1ea1nh"},"content":{"rendered":"<h4 class=\"thin-font lead\"><strong>M\u1ed9t b\u1ed9 s\u1ea3n ph\u1ea9m g\u1ed3m: 1 \u00e1o+1 pin 36.000 mah + 1 s\u1ea1c DC + 2 qu\u1ea1t kh\u00f4ng ch\u1ed5i than+ 1 d\u00e2y c\u00e1p+ t\u1eb7ng 2 t\u00fai \u0111\u00e1 gel l\u00e0m m\u00e1t s\u00e2u.<\/strong><\/h4>\n<h4><strong>\u0110\u1eb6C \u0110I\u1ec2M C\u1ee6A \u00c1O \u0110I\u1ec0U H\u00d2A CH\u00cdNH H\u00c3NG SEKO NH\u1eacT B\u1ea2N<\/strong><\/h4>\n<h4>\u2013\u00a0<strong>PIN: <\/strong>Dung l\u01b0\u1ee3ng pin kh\u1ee7ng 36.000mah, th\u1eddi gian ch\u1ea1y c\u1ee7a pin 12 &#8211; 20 ti\u1ebfng t\u00f9y v\u00e0o m\u1ee9c qu\u1ea1t ( c\u00f3 4 m\u1ee9c t\u01b0\u01a1ng \u1ee9ng v\u1edbi \u0111\u1ed9 m\u1ea1nh y\u1ebfu kh\u00e1c nhau, Tuy nhi\u00ean m\u1ee9c 3 c\u1ee7a qu\u1ea1t SEKO b\u1eb1ng v\u1edbi m\u1ee9c 4 c\u1ee7a c\u00e1c h\u00e3ng kh\u00e1c trong c\u00f9ng ph\u00e2n kh\u00fac). Pin t\u00edch h\u1ee3p \u0111\u1ea7u USB 5V c\u00f3 th\u1ec3 s\u1ea1c \u0111\u01b0\u1ee3c \u0111i\u1ec7n tho\u1ea1i, m\u00e1y t\u00ednh b\u1ea3ng, ipad ti\u1ec7n l\u1ee3i. Pin b\u1ec1n, th\u1eddi gian s\u1eed d\u1ee5ng l\u00e2u.<\/h4>\n<h4>\u2013 <b>QU\u1ea0T<\/b> kh\u00f4ng ch\u1ed5i than t\u1ed1t nh\u1ea5t th\u1ecb tr\u01b0\u1eddng hi\u1ec7n nay v\u1edbi nh\u1eefng \u0111\u1eb7c \u0111i\u1ec3m v\u01b0\u1ee3t tr\u1ed9i nh\u01b0 ch\u1ed1ng n\u01b0\u1edbc t\u1ed1t, t\u1ed1c \u0111\u1ed9 ch\u1ea1y m\u1ea1nh, \u00eam, kh\u00f4ng nhi\u1ec5u \u00e2m v\u00e0 \u1ed3n. Qu\u1ea1t SEKO m\u1ecfng, g\u1ecdn, thi\u1ebft k\u1ebf \u0111\u1eb9p m\u1eaft. Tu\u1ed5i th\u1ecd cao h\u01a1n nhi\u1ec1u so v\u1edbi qu\u1ea1t ch\u1ed5i than tr\u00ean th\u1ecb tr\u01b0\u1eddng.<\/h4>\n<h4>\u2013\u00a0<strong>\u00c1o \u0110i\u1ec1u H\u00f2a <\/strong>: Ch\u1ea5t v\u1ea3i 2023 l\u00e0 v\u1ea3i chuy\u00ean d\u1ee5ng cho \u00e1o \u0111i\u1ec1u h\u00f2a \u0111\u1eb9p, kh\u00f4ng x\u00f9, kh\u00f4ng phai m\u00e0u, m\u1ecfng, m\u00e1t m\u1eb7c d\u1ec5 ch\u1ecbu, l\u00ean form chu\u1ea9n \u0111\u1eb9p.<\/h4>\n<h4>\u2013 D\u00e2y ph\u1ea3n quang\u00a0tr\u01b0\u1edbc\u00a0v\u00e0 sau \u0111\u1ea3m b\u1ea3o an to\u00e0n khi l\u00e0m vi\u1ec7c. \u0110\u00e2y l\u00e0 \u0111\u1eb7c \u0111i\u1ec3m v\u00f4 c\u00f9ng quan tr\u1ecdng khi l\u00e0m vi\u1ec7c ban \u0111\u00eam gi\u00fap cho ng\u01b0\u1eddi m\u1eb7c an to\u00e0n h\u01a1n r\u1ea5t nhi\u1ec1u so v\u1edbi nh\u1eefng chi\u1ebfc \u00e1o kh\u00f4ng c\u00f3 ph\u1ea3n quang ph\u00e1t s\u00e1ng.<\/h4>\n<h4 class=\"lead\"><strong>QUY\u1ec0N L\u1ee2I KHI MUA H\u00c0NG T\u1ea0I SEKO<\/strong><\/h4>\n<ul>\n<li>\n<h4 class=\"lead\">B\u1ea3o h\u00e0nh 1 n\u0103m ph\u1ee5 ki\u1ec7n: Pin + Qu\u1ea1t\u00a0 l\u1ed7i do nh\u00e0 s\u1ea3n xu\u1ea5t.\u00a0Sau\u00a01 n\u0103m h\u1ed7 tr\u1ee3 b\u1ea3o h\u00e0nh, b\u00e1n ph\u1ee5 ki\u1ec7n l\u1ebb<\/h4>\n<\/li>\n<li>\n<h4 class=\"lead\">\u0110\u1ed5i tr\u1ea3 h\u00e0ng trong v\u00f2ng 3 ng\u00e0y v\u1edbi c\u00e1c tr\u01b0\u1eddng h\u1ee3p<\/h4>\n<h4 class=\"thin-font lead\">S\u1ea3n ph\u1ea9m nh\u1eadn \u0111\u01b0\u1ee3c kh\u00f4ng \u0111\u00fang v\u1edbi s\u1ea3n ph\u1ea9m m\u00e0 Qu\u00fd kh\u00e1ch \u0111\u00e3 \u0111\u1eb7t.<\/h4>\n<h4 class=\"thin-font lead\">S\u1ea3n ph\u1ea9m b\u1ecb l\u1ed7i, h\u1ecfng h\u00f3c do nh\u00e0 s\u1ea3n xu\u1ea5t ho\u1eb7c trong qu\u00e1 tr\u00ecnh v\u1eadn chuy\u1ec3n.<\/h4>\n<h4 class=\"thin-font lead\">Qu\u00fd kh\u00e1ch vui l\u00f2ng quay l\u1ea1i video khi m\u1edf h\u00e0ng \u0111\u1ec3 c\u00f3 c\u0103n c\u1ee9 gi\u1ea3i quy\u1ebft khi\u1ebfu n\u1ea1i trong tr\u01b0\u1eddng h\u1ee3p mu\u1ed1n \u0111\u1ed5i tr\u1ea3.<\/h4>\n<h4 class=\"lead\" style=\"text-align: center;\"><em><strong>SEKO M\u00f3n Qu\u00e0 T\u1eeb T\u00e2m \u2013 N\u00e2ng T\u1ea7m S\u1ee9c Kho\u1ebb \u2013\u00a0 Hotline; 0867.033.826<\/strong><\/em><\/h4>\n<\/li>\n<\/ul>\n","protected":false},"excerpt":{"rendered":"<p>M\u1ed9t b\u1ed9 s\u1ea3n ph\u1ea9m g\u1ed3m: 1 \u00e1o+1 pin 36.000 mah + 1 s\u1ea1c DC + 2 qu\u1ea1t kh\u00f4ng ch\u1ed5i than+ 1 d\u00e2y c\u00e1p+ t\u1eb7ng 2 t\u00fai \u0111\u00e1 gel l\u00e0m m\u00e1t s\u00e2u. \u0110\u1eb6C \u0110I\u1ec2M C\u1ee6A \u00c1O \u0110I\u1ec0U H\u00d2A CH\u00cdNH H\u00c3NG SEKO NH\u1eacT B\u1ea2N \u2013\u00a0PIN: Dung l\u01b0\u1ee3ng pin kh\u1ee7ng 36.000mah, th\u1eddi gian ch\u1ea1y c\u1ee7a pin 12 &#8211;&#8230;<\/p>\n","protected":false},"featured_media":1324,"comment_status":"open","ping_status":"closed","template":"","meta":[],"product_cat":[15],"product_tag":[],"yst_prominent_words":[],"class_list":{"0":"post-1163","1":"product","2":"type-product","3":"status-publish","4":"has-post-thumbnail","6":"product_cat-ao-dieu-hoa","8":"first","9":"instock","10":"sale","11":"shipping-taxable","12":"purchasable","13":"product-type-simple"},"_links":{"self":[{"href":"https:\/\/seko.com.vn\/index.php?rest_route=\/wp\/v2\/product\/1163"}],"collection":[{"href":"https:\/\/seko.com.vn\/index.php?rest_route=\/wp\/v2\/product"}],"about":[{"href":"https:\/\/seko.com.vn\/index.php?rest_route=\/wp\/v2\/types\/product"}],"replies":[{"embeddable":true,"href":"https:\/\/seko.com.vn\/index.php?rest_route=%2Fwp%2Fv2%2Fcomments&post=1163"}],"wp:featuredmedia":[{"embeddable":true,"href":"https:\/\/seko.com.vn\/index.php?rest_route=\/wp\/v2\/media\/1324"}],"wp:attachment":[{"href":"https:\/\/seko.com.vn\/index.php?rest_route=%2Fwp%2Fv2%2Fmedia&parent=1163"}],"wp:term":[{"taxonomy":"product_cat","embeddable":true,"href":"https:\/\/seko.com.vn\/index.php?rest_route=%2Fwp%2Fv2%2Fproduct_cat&post=1163"},{"taxonomy":"product_tag","embeddable":true,"href":"https:\/\/seko.com.vn\/index.php?rest_route=%2Fwp%2Fv2%2Fproduct_tag&post=1163"},{"taxonomy":"yst_prominent_words","embeddable":true,"href":"https:\/\/seko.com.vn\/index.php?rest_route=%2Fwp%2Fv2%2Fyst_prominent_words&post=1163"}],"curies":[{"name":"wp","href":"https:\/\/api.w.org\/{rel}","templated":true}]}}