{"id":1178,"date":"2023-06-16T16:23:36","date_gmt":"2023-06-16T09:23:36","guid":{"rendered":"https:\/\/seko.com.vn\/?post_type=product&#038;p=1178"},"modified":"2024-05-08T23:34:46","modified_gmt":"2024-05-08T16:34:46","slug":"bo-phu-kien-ao-dieu-hoa-seko-moi-nhat-2023","status":"publish","type":"product","link":"https:\/\/seko.com.vn\/?product=bo-phu-kien-ao-dieu-hoa-seko-moi-nhat-2023","title":{"rendered":"B\u1ed9 ph\u1ee5 ki\u1ec7n \u00e1o \u0111i\u1ec1u ho\u00e0 SEKO ( Kh\u00f4ng \u00e1o )"},"content":{"rendered":"<h4>\u2013\u00a0<strong>PIN:\u00a0<\/strong>Dung l\u01b0\u1ee3ng pin kh\u1ee7ng 36.000mah, th\u1eddi gian ch\u1ea1y c\u1ee7a pin 12 \u2013 20 ti\u1ebfng t\u00f9y v\u00e0o m\u1ee9c qu\u1ea1t ( c\u00f3 4 m\u1ee9c t\u01b0\u01a1ng \u1ee9ng v\u1edbi \u0111\u1ed9 m\u1ea1nh y\u1ebfu kh\u00e1c nhau, Tuy nhi\u00ean m\u1ee9c 3 c\u1ee7a qu\u1ea1t SEKO b\u1eb1ng v\u1edbi m\u1ee9c 4 c\u1ee7a c\u00e1c h\u00e3ng kh\u00e1c trong c\u00f9ng ph\u00e2n kh\u00fac). Pin t\u00edch h\u1ee3p \u0111\u1ea7u USB 5V c\u00f3 th\u1ec3 s\u1ea1c \u0111\u01b0\u1ee3c \u0111i\u1ec7n tho\u1ea1i, m\u00e1y t\u00ednh b\u1ea3ng, ipad ti\u1ec7n l\u1ee3i. Pin b\u1ec1n, th\u1eddi gian s\u1eed d\u1ee5ng l\u00e2u.<\/h4>\n<h4>\u2013\u00a0<b>QU\u1ea0T<\/b>\u00a0kh\u00f4ng ch\u1ed5i than t\u1ed1t nh\u1ea5t th\u1ecb tr\u01b0\u1eddng hi\u1ec7n nay v\u1edbi nh\u1eefng \u0111\u1eb7c \u0111i\u1ec3m v\u01b0\u1ee3t tr\u1ed9i nh\u01b0 ch\u1ed1ng n\u01b0\u1edbc t\u1ed1t, t\u1ed1c \u0111\u1ed9 ch\u1ea1y m\u1ea1nh, \u00eam, kh\u00f4ng nhi\u1ec5u \u00e2m v\u00e0 \u1ed3n. Qu\u1ea1t SEKO m\u1ecfng, g\u1ecdn, thi\u1ebft k\u1ebf \u0111\u1eb9p m\u1eaft. Tu\u1ed5i th\u1ecd cao h\u01a1n nhi\u1ec1u so v\u1edbi qu\u1ea1t ch\u1ed5i than tr\u00ean th\u1ecb tr\u01b0\u1eddng.<\/h4>\n<h4 class=\"lead\"><strong>QUY\u1ec0N L\u1ee2I KHI MUA H\u00c0NG T\u1ea0I SEKO<\/strong><\/h4>\n<ul>\n<li>\n<h4 class=\"lead\">B\u1ea3o h\u00e0nh 1 n\u0103m ph\u1ee5 ki\u1ec7n: Pin + Qu\u1ea1t\u00a0 l\u1ed7i do nh\u00e0 s\u1ea3n xu\u1ea5t.\u00a0Sau\u00a01 n\u0103m h\u1ed7 tr\u1ee3 b\u1ea3o h\u00e0nh, b\u00e1n ph\u1ee5 ki\u1ec7n l\u1ebb<\/h4>\n<\/li>\n<li>\n<h4 class=\"lead\">\u0110\u1ed5i tr\u1ea3 h\u00e0ng trong v\u00f2ng 3 ng\u00e0y v\u1edbi c\u00e1c tr\u01b0\u1eddng h\u1ee3p<\/h4>\n<h4 class=\"thin-font lead\">S\u1ea3n ph\u1ea9m nh\u1eadn \u0111\u01b0\u1ee3c kh\u00f4ng \u0111\u00fang v\u1edbi s\u1ea3n ph\u1ea9m m\u00e0 Qu\u00fd kh\u00e1ch \u0111\u00e3 \u0111\u1eb7t.<\/h4>\n<h4 class=\"thin-font lead\">S\u1ea3n ph\u1ea9m b\u1ecb l\u1ed7i, h\u1ecfng h\u00f3c do nh\u00e0 s\u1ea3n xu\u1ea5t ho\u1eb7c trong qu\u00e1 tr\u00ecnh v\u1eadn chuy\u1ec3n.<\/h4>\n<h4 class=\"thin-font lead\">Qu\u00fd kh\u00e1ch vui l\u00f2ng quay l\u1ea1i video khi m\u1edf h\u00e0ng \u0111\u1ec3 c\u00f3 c\u0103n c\u1ee9 gi\u1ea3i quy\u1ebft khi\u1ebfu n\u1ea1i trong tr\u01b0\u1eddng h\u1ee3p mu\u1ed1n \u0111\u1ed5i tr\u1ea3.<\/h4>\n<h4 class=\"lead\"><em><strong>SEKO M\u00f3n Qu\u00e0 T\u1eeb T\u00e2m \u2013 N\u00e2ng T\u1ea7m S\u1ee9c Kho\u1ebb \u2013\u00a0 Hotline; 0867.033.826<\/strong><\/em><\/h4>\n<\/li>\n<\/ul>\n","protected":false},"excerpt":{"rendered":"<p>\u2013\u00a0PIN:\u00a0Dung l\u01b0\u1ee3ng pin kh\u1ee7ng 36.000mah, th\u1eddi gian ch\u1ea1y c\u1ee7a pin 12 \u2013 20 ti\u1ebfng t\u00f9y v\u00e0o m\u1ee9c qu\u1ea1t ( c\u00f3 4 m\u1ee9c t\u01b0\u01a1ng \u1ee9ng v\u1edbi \u0111\u1ed9 m\u1ea1nh y\u1ebfu kh\u00e1c nhau, Tuy nhi\u00ean m\u1ee9c 3 c\u1ee7a qu\u1ea1t SEKO b\u1eb1ng v\u1edbi m\u1ee9c 4 c\u1ee7a c\u00e1c h\u00e3ng kh\u00e1c trong c\u00f9ng ph\u00e2n kh\u00fac). Pin t\u00edch h\u1ee3p \u0111\u1ea7u USB 5V&#8230;<\/p>\n","protected":false},"featured_media":1321,"comment_status":"open","ping_status":"closed","template":"","meta":[],"product_cat":[34],"product_tag":[],"yst_prominent_words":[],"class_list":{"0":"post-1178","1":"product","2":"type-product","3":"status-publish","4":"has-post-thumbnail","6":"product_cat-phu-kien","8":"first","9":"instock","10":"sale","11":"shipping-taxable","12":"purchasable","13":"product-type-simple"},"_links":{"self":[{"href":"https:\/\/seko.com.vn\/index.php?rest_route=\/wp\/v2\/product\/1178"}],"collection":[{"href":"https:\/\/seko.com.vn\/index.php?rest_route=\/wp\/v2\/product"}],"about":[{"href":"https:\/\/seko.com.vn\/index.php?rest_route=\/wp\/v2\/types\/product"}],"replies":[{"embeddable":true,"href":"https:\/\/seko.com.vn\/index.php?rest_route=%2Fwp%2Fv2%2Fcomments&post=1178"}],"wp:featuredmedia":[{"embeddable":true,"href":"https:\/\/seko.com.vn\/index.php?rest_route=\/wp\/v2\/media\/1321"}],"wp:attachment":[{"href":"https:\/\/seko.com.vn\/index.php?rest_route=%2Fwp%2Fv2%2Fmedia&parent=1178"}],"wp:term":[{"taxonomy":"product_cat","embeddable":true,"href":"https:\/\/seko.com.vn\/index.php?rest_route=%2Fwp%2Fv2%2Fproduct_cat&post=1178"},{"taxonomy":"product_tag","embeddable":true,"href":"https:\/\/seko.com.vn\/index.php?rest_route=%2Fwp%2Fv2%2Fproduct_tag&post=1178"},{"taxonomy":"yst_prominent_words","embeddable":true,"href":"https:\/\/seko.com.vn\/index.php?rest_route=%2Fwp%2Fv2%2Fyst_prominent_words&post=1178"}],"curies":[{"name":"wp","href":"https:\/\/api.w.org\/{rel}","templated":true}]}}