{"id":1196,"date":"2023-06-17T22:21:18","date_gmt":"2023-06-17T15:21:18","guid":{"rendered":"https:\/\/seko.com.vn\/?post_type=product&#038;p=1196"},"modified":"2024-05-08T23:33:42","modified_gmt":"2024-05-08T16:33:42","slug":"ao-dieu-hoa-chinh-hang-nhat-ban-seko","status":"publish","type":"product","link":"https:\/\/seko.com.vn\/?product=ao-dieu-hoa-chinh-hang-nhat-ban-seko","title":{"rendered":"\u00c1o \u0110i\u1ec1u Ho\u00e0 Ch\u00ednh H\u00e3ng Nh\u1eadt B\u1ea3n SEKO -M\u00e0u Xanh Than"},"content":{"rendered":"<h3 style=\"text-align: center;\"><strong>\u0110\u1eeaNG T\u1eb6NG B\u1ed0 M\u1eb8 TI\u1ec0N &#8211; H\u00c3Y T\u1eb6NG B\u1ed0 M\u1eb8 S\u1ee8C KHO\u1eba<\/strong><\/h3>\n<h3 style=\"text-align: center;\"><strong>\u0110\u00e2u l\u00e0 h\u1ea1nh ph\u00fac th\u1ebf gian<\/strong><\/h3>\n<h3 style=\"text-align: center;\"><strong>C\u00f3 cha c\u00f3 m\u1eb9 mu\u00f4n v\u00e0n y\u00eau th\u01b0\u01a1ng<\/strong><\/h3>\n<h3 style=\"text-align: center;\"><strong>Con c\u00e1i hi\u1ebfu th\u1ea3o b\u1ed1n ph\u01b0\u01a1ng\u00a0<\/strong><\/h3>\n<h3 style=\"text-align: center;\"><strong>Vui l\u00f2ng cha m\u1eb9 v\u01b0\u1ee3t t\u01b0\u1eddng kh\u1ed5 \u0111au.<\/strong><\/h3>\n<h3 class=\"thin-font lead\"><em>Th\u1ea5u hi\u1ec3u n\u1ed7i l\u00f2ng c\u1ee7a con c\u00e1i, n\u1ed7i v\u1ea5t v\u1ea3 c\u1ee7a cha m\u1eb9 SEKO mang \u0111\u1ebfn m\u1ed9t s\u1ea3n ph\u1ea9m \u00e1o \u0111i\u1ec1u ho\u00e0 ch\u00ednh h\u00e3ng Nh\u1eadt B\u1ea3n s\u1eed d\u1ee5ng c\u00f4ng nghi\u1ec7 hi\u1ec7n \u0111\u1ea1i nh\u1ea5t l\u00e0 m\u00f3n qu\u00e0 b\u00e1o hi\u1ebfu v\u00f4 c\u00f9ng \u00fd ngh\u0129a cho nh\u1eefng ng\u00e0y h\u00e8 n\u1eafng n\u00f3ng.<\/em><\/h3>\n<h3><strong>TH\u00d4NG TIN CHI TI\u1ebeT S\u1ea2N PH\u1ea8M &#8211; SEKO \u00e1o \u0111i\u1ec1u h\u00f2a \u0111\u00e1ng s\u1edf h\u1eefu nh\u1ea5t m\u00f9a h\u00e8 2023<\/strong><\/h3>\n<div class=\"rte product_getcontent\">\n<div id=\"content\">\n<h3 class=\"thin-font lead\"><strong><em>\u2013\u00a0Cam k\u1ebft\u00a0100%\u00a0ng\u01b0\u1eddi d\u00f9ng \u01b0ng \u00fd ngay khi tr\u1ea3i nghi\u1ec7m<\/em><\/strong><\/h3>\n<h3 class=\"thin-font lead\"><strong><em>\u2013 Ch\u1ea5t l\u01b0\u1ee3ng \u0111\u1eb3ng c\u1ea5p \u2013 Di\u1ec7n m\u1ea1o ho\u00e0n h\u1ea3o<\/em><\/strong><\/h3>\n<h3 class=\"thin-font lead\"><strong><em>\u2013\u00a0Th\u00e1ch th\u1ee9c \u0111\u1ed9 m\u1ea1nh m\u1ecdi s\u1ea3n ph\u1ea9m tr\u00ean th\u1ecb tr\u01b0\u1eddng<\/em><\/strong><\/h3>\n<h3 class=\"thin-font lead\">\u2013\u00a0\u00a0M\u1ed9t b\u1ed9 s\u1ea3n ph\u1ea9m g\u1ed3m: 1 \u00e1o + 1 pin 36.000 mah + 1 s\u1ea1c DC + 2 qu\u1ea1t kh\u00f4ng ch\u1ed5i than + 1 d\u00e2y c\u00e1p + t\u1eb7ng 2 t\u00fai \u0111\u00e1 gel l\u00e0m m\u00e1t s\u00e2u.<\/h3>\n<ul>\n<li>\n<h3 class=\"lead\"><strong>Pin<\/strong> 36000mah n\u00e2ng c\u1ea5p v\u01b0\u1ee3t tr\u1ed9i th\u1eddi l\u01b0\u1ee3ng pin ch\u1ea1y li\u00ean t\u1ee5c 12 \u2013 24h tu\u1ef3 m\u1ee9c b\u1eadt. Pin \u0111a nhi\u1ec7m t\u00edch h\u1ee3p c\u1ed5ng s\u1ea1c DC, c\u1ed5ng USB \u0111\u1ec3 s\u1ea1c \u0111i\u1ec7n tho\u1ea1i. V\u1ecf pin ch\u1eafc ch\u1eafn\u00a0d\u1ec5 c\u1ea7m n\u1eafm, logo v\u00e0 chi ti\u1ebft r\u00f5 n\u00e9t tr\u00e1nh h\u00e0ng gi\u1ea3. T\u00edch h\u1ee3p\u00a0c\u00f4ng ngh\u1ec7 ch\u1ed1ng chai pin 2023 Healing technology. V\u1edbi\u00a0c\u00f4ng ngh\u1ec7 n\u00e0y d\u00f9 tr\u1ea3i qua 600 l\u1ea7n s\u1ea1c pin v\u1eabn gi\u1eef \u0111c 80% dung l\u01b0\u1ee3ng ban \u0111\u1ea7u( trong khi pin th\u00f4ng th\u01b0\u1eddng ch\u1ec9 c\u00f2n 40%\u00a0sau\u00a01 n\u0103m s\u1eed d\u1ee5ng)<\/h3>\n<\/li>\n<li>\n<h3 class=\"lead\"><strong>Qu\u1ea1t<\/strong> kh\u00f4ng ch\u1ed5i than 3 c\u00e1nh ti\u00eau chu\u1ea9n v\u1edbi t\u1ed1c \u0111\u1ed9 chu\u1ea9n 14V, tr\u1ee5c \u0111\u1ed3ng b\u1ec1n b\u1ec9 m\u00e1t h\u01a1n, \u00eam h\u01a1n, b\u1ec1n h\u01a1n, th\u00e1ch th\u1ee9c nhi\u1ec7t \u0111\u1ed9 cao v\u00e0 va \u0111\u1eadp m\u1ea1nh ,v\u1ecf qu\u1ea1t t\u1ea1o h\u00ecnh m\u1ea1ng l\u01b0\u1edbi gi\u00fap gi\u00f3 t\u1ea3n \u0111\u1ec1u 360 \u0111\u1ed9, tr\u00e1nh \u0111\u01b0\u1ee3c t\u1ed1i \u0111a d\u1ecb v\u1eadt ch\u1ecdc v\u00e0o l\u00e0m g\u00e3y c\u00e1nh qu\u1ea1t nh\u01b0 c\u00e0nh c\u00e2y, v\u1eadt nh\u1ecdn\u2026.. L\u1ed3ng qu\u1ea1t l\u00e0m t\u1eeb nh\u01b0a ABS\/PC cao c\u1ea5p, d\u1ebbo dai d\u00f9 ph\u01a1i n\u1eafng li\u00ean t\u1ee5c ngo\u00e0i tr\u1eddi nhi\u1ec1u n\u0103m c\u0169ng kh\u00f4ng b\u1ecb gi\u00f2n v\u1ee1.<\/h3>\n<\/li>\n<li>\n<h3 class=\"lead\"><strong>\u00c1o<\/strong> ch\u00ednh h\u00e3ng, \u0111a chi ti\u1ebft ti\u1ec7n \u00edch &#8211; \u00c1o SEKO \u0111\u01b0\u1ee3c \u0111\u00e1nh gi\u00e1 m\u1eb7c m\u00e1t g\u1ea5p 3 l\u1ea7n so v\u1edbi \u00e1o gia c\u00f4ng th\u00f4ng th\u01b0\u1eddng khi l\u1eafp c\u00f9ng 1 b\u1ed9 qu\u1ea1t nh\u1edd c\u00e1c chi ti\u1ebft k\u1ef9 thu\u1eadt \u0111\u01b0\u1ee3c gi\u00e1m s\u00e1t b\u1edfi chuy\u00ean gia Nh\u1eadt B\u1ea3n. Ch\u1ea5t li\u1ec7u kaki pha s\u1ee3i bamboo(s\u1ee3i tre) tho\u00e1ng m\u00e1t, gi\u1eef gi\u00f3, kh\u00f4 nhanh<\/h3>\n<\/li>\n<\/ul>\n<ul>\n<li>\n<h3 class=\"lead\"><strong>\u0110\u00e1 gel<\/strong> gi\u00fap l\u00e0m m\u00e1t s\u00e2u gi\u1ea3m nhanh nhi\u1ec7t \u0111\u1ed9 c\u01a1 th\u1ec3 khi ho\u1ea1t \u0111\u1ed9ng ngo\u00e0i tr\u1eddi n\u1eafng.<\/h3>\n<h3 class=\"lead\"><strong>Quy\u1ec1n l\u1ee3i khi mua h\u00e0ng t\u1ea1i SEKO<\/strong><\/h3>\n<\/li>\n<li>\n<h3 class=\"lead\">B\u1ea3o h\u00e0nh 1 n\u0103m ph\u1ee5 ki\u1ec7n bao g\u1ed3m: Pin + Qu\u1ea1t\u00a0 l\u1ed7i do nh\u00e0 s\u1ea3n xu\u1ea5t. Sau 1 n\u0103m h\u1ed7 tr\u1ee3 b\u1ea3o h\u00e0nh, b\u00e1n ph\u1ee5 ki\u1ec7n l\u1ebb<\/h3>\n<\/li>\n<li>\n<h3 class=\"lead\">\u0110\u1ed5i tr\u1ea3 h\u00e0ng trong v\u00f2ng 3 ng\u00e0y v\u1edbi c\u00e1c tr\u01b0\u1eddng h\u1ee3p<\/h3>\n<h3 class=\"thin-font lead\">S\u1ea3n ph\u1ea9m nh\u1eadn \u0111\u01b0\u1ee3c kh\u00f4ng \u0111\u00fang v\u1edbi s\u1ea3n ph\u1ea9m m\u00e0 Qu\u00fd kh\u00e1ch \u0111\u00e3 \u0111\u1eb7t.<\/h3>\n<h3 class=\"thin-font lead\">S\u1ea3n ph\u1ea9m b\u1ecb l\u1ed7i, h\u1ecfng h\u00f3c do nh\u00e0 s\u1ea3n xu\u1ea5t ho\u1eb7c trong qu\u00e1 tr\u00ecnh v\u1eadn chuy\u1ec3n.<\/h3>\n<h3 class=\"thin-font lead\">Qu\u00fd kh\u00e1ch vui l\u00f2ng quay l\u1ea1i video khi m\u1edf h\u00e0ng \u0111\u1ec3 c\u00f3 c\u0103n c\u1ee9 gi\u1ea3i quy\u1ebft khi\u1ebfu n\u1ea1i trong tr\u01b0\u1eddng h\u1ee3p mu\u1ed1n \u0111\u1ed5i tr\u1ea3.<\/h3>\n<h2 class=\"lead\"><em><strong>SEKO M\u00f3n Qu\u00e0 T\u1eeb T\u00e2m \u2013 N\u00e2ng T\u1ea7m S\u1ee9c Kho\u1ebb \u2013\u00a0 Hotline; 0867.033.826<\/strong><\/em><\/h2>\n<p>#aodieuhoa #aodieuhoachinhhang #aodieuhoagiatot #aoganquat #aomuahe #seko #aodieuhoanhatban #quatangchame<\/li>\n<\/ul>\n<\/div>\n<\/div>\n","protected":false},"excerpt":{"rendered":"<p>\u0110\u1eeaNG T\u1eb6NG B\u1ed0 M\u1eb8 TI\u1ec0N &#8211; H\u00c3Y T\u1eb6NG B\u1ed0 M\u1eb8 S\u1ee8C KHO\u1eba \u0110\u00e2u l\u00e0 h\u1ea1nh ph\u00fac th\u1ebf gian C\u00f3 cha c\u00f3 m\u1eb9 mu\u00f4n v\u00e0n y\u00eau th\u01b0\u01a1ng Con c\u00e1i hi\u1ebfu th\u1ea3o b\u1ed1n ph\u01b0\u01a1ng\u00a0 Vui l\u00f2ng cha m\u1eb9 v\u01b0\u1ee3t t\u01b0\u1eddng kh\u1ed5 \u0111au. Th\u1ea5u hi\u1ec3u n\u1ed7i l\u00f2ng c\u1ee7a con c\u00e1i, n\u1ed7i v\u1ea5t v\u1ea3 c\u1ee7a cha m\u1eb9 SEKO mang&#8230;<\/p>\n","protected":false},"featured_media":1320,"comment_status":"open","ping_status":"closed","template":"","meta":[],"product_cat":[15],"product_tag":[62],"yst_prominent_words":[],"class_list":{"0":"post-1196","1":"product","2":"type-product","3":"status-publish","4":"has-post-thumbnail","6":"product_cat-ao-dieu-hoa","7":"product_tag-ao-dieu-hoa-seko","9":"first","10":"instock","11":"sale","12":"shipping-taxable","13":"purchasable","14":"product-type-simple"},"_links":{"self":[{"href":"https:\/\/seko.com.vn\/index.php?rest_route=\/wp\/v2\/product\/1196"}],"collection":[{"href":"https:\/\/seko.com.vn\/index.php?rest_route=\/wp\/v2\/product"}],"about":[{"href":"https:\/\/seko.com.vn\/index.php?rest_route=\/wp\/v2\/types\/product"}],"replies":[{"embeddable":true,"href":"https:\/\/seko.com.vn\/index.php?rest_route=%2Fwp%2Fv2%2Fcomments&post=1196"}],"wp:featuredmedia":[{"embeddable":true,"href":"https:\/\/seko.com.vn\/index.php?rest_route=\/wp\/v2\/media\/1320"}],"wp:attachment":[{"href":"https:\/\/seko.com.vn\/index.php?rest_route=%2Fwp%2Fv2%2Fmedia&parent=1196"}],"wp:term":[{"taxonomy":"product_cat","embeddable":true,"href":"https:\/\/seko.com.vn\/index.php?rest_route=%2Fwp%2Fv2%2Fproduct_cat&post=1196"},{"taxonomy":"product_tag","embeddable":true,"href":"https:\/\/seko.com.vn\/index.php?rest_route=%2Fwp%2Fv2%2Fproduct_tag&post=1196"},{"taxonomy":"yst_prominent_words","embeddable":true,"href":"https:\/\/seko.com.vn\/index.php?rest_route=%2Fwp%2Fv2%2Fyst_prominent_words&post=1196"}],"curies":[{"name":"wp","href":"https:\/\/api.w.org\/{rel}","templated":true}]}}