{"id":1331,"date":"2024-05-11T11:11:26","date_gmt":"2024-05-11T04:11:26","guid":{"rendered":"https:\/\/seko.com.vn\/?post_type=product&#038;p=1331"},"modified":"2025-04-14T15:48:25","modified_gmt":"2025-04-14T08:48:25","slug":"new-2025-bo-ao-dieu-hoa-seko-cao-cap","status":"publish","type":"product","link":"https:\/\/seko.com.vn\/?product=new-2025-bo-ao-dieu-hoa-seko-cao-cap","title":{"rendered":"NEW 2025 b\u1ed9 \u00e1o \u0111i\u1ec1u ho\u00e0 Seko cao c\u1ea5p"},"content":{"rendered":"<p><span style=\"font-family: 'times new roman', times, serif; font-size: 100%;\"><strong>\u00c1O \u0110I\u1ec0U H\u00d2A SEKO \u2013 TH\u01af\u01a0NG HI\u1ec6U \u00c1O \u0110I\u1ec0U HO\u00c0 CAO C\u1ea4P NH\u1eacT B\u1ea2N T\u1ea0I VI\u1ec6T NAM<\/strong><\/span><\/p>\n<p><span style=\"font-family: 'times new roman', times, serif; font-size: 110%;\">V\u1edbi s\u1ee9 m\u1ec7nh mang \u0111\u1ebfn cho kh\u00e1ch h\u00e0ng nh\u1eefng s\u1ea3n ph\u1ea9m \u00e1o \u0111i\u1ec1u ho\u00e0 ch\u1ea5t l\u01b0\u1ee3ng cao n\u0103m 2024 Seko ti\u1ebfp t\u1ee5c cho ra c\u00e1c si\u00eau ph\u1ea9m \u00e1o \u0111i\u1ec1u ho\u00e0 th\u1ebf h\u1ec7 m\u1edbi \u201cth\u00e1ch th\u1ee9c\u201d th\u1eddi ti\u1ebft n\u1eafng n\u00f3ng. Trong \u0111\u00f3, B\u1ed9 \u00e1o \u0111i\u1ec1u ho\u00e0 Seko m\u00e0u xanh than l\u00e0 s\u1ea3n ph\u1ea9m \u0111\u01b0\u1ee3c ng\u01b0\u1eddi d\u00f9ng y\u00eau th\u00edch v\u00e0 l\u1ef1a ch\u1ecdn nhi\u1ec1u nh\u1ea5t nh\u1edd s\u1edf h\u1eefu nhi\u1ec1u \u01b0u \u0111i\u1ec3m v\u00e0 t\u00ednh n\u0103ng v\u01b0\u1ee3t tr\u1ed9i.<\/span><\/p>\n<p><span style=\"font-family: 'times new roman', times, serif; font-size: 100%;\"><strong>NH\u1eeeNG \u0110\u1eb6C \u0110I\u1ec2M N\u1ed4I B\u1eacT CH\u1ec8 C\u00d3 T\u1ea0I \u00c1O \u0110I\u1ec0U HO\u00c0 SEKO:<\/strong><\/span><\/p>\n<p><span style=\"font-family: 'times new roman', times, serif; font-size: 110%;\"><strong>\u2013 PIN SEKO: C\u00f4ng ngh\u1ec7 pin an to\u00e0n, c\u00f4ng su\u1ea5t m\u1ea1nh m\u1ebd v\u00e0 tu\u1ed5i th\u1ecd cao nh\u1ea5t hi\u1ec7n nay<\/strong><\/span><\/p>\n<p><span style=\"font-family: 'times new roman', times, serif; font-size: 110%;\">+ Pin SEKO l\u00e0 lo\u1ea1i Pin LI-POLYMER SMART, d\u00f2ng pin cao c\u1ea5p nh\u1ea5t v\u00e0 an to\u00e0n nh\u1ea5t hi\u1ec7n nay. C\u00f4ng ngh\u1ec7 pin m\u1edbi gi\u00fap t\u0103ng c\u00f4ng su\u1ea5t s\u1eed d\u1ee5ng, th\u1eddi gian s\u1eed d\u1ee5ng v\u00e0 tu\u1ed5i th\u1ecd c\u1ee7a pin. V\u1edbi dung l\u01b0\u1ee3ng pin th\u1ef1c t\u1ebf l\u00ean t\u1edbi 36.000mah cho th\u1eddi gian s\u1eed d\u1ee5ng l\u00e2u h\u01a1n, \u0111\u1ea7u ra 15v gi\u00fap ho\u1ea1t \u0111\u1ed9ng m\u1ea1nh m\u1ebd h\u01a1n.<\/span><\/p>\n<p><span style=\"font-family: 'times new roman', times, serif; font-size: 110%;\">+ Th\u1eddi gian s\u1eed d\u1ee5ng si\u00eau kh\u1ee7ng d\u00f9ng li\u00ean t\u1ee5c t\u1eeb 12 gi\u1edd \u2013 25 gi\u1edd ch\u1ec9 sau 1 l\u1ea7n s\u1ea1c.\u00a0Cam k\u1ebft th\u1eddi gian ch\u1ea1y nh\u01b0 qu\u1ea3ng c\u00e1o. N\u00f3i kh\u00f4ng v\u1edbi dung l\u01b0\u1ee3ng \u1ea3o, k\u00e9m ch\u1ea5t l\u01b0\u1ee3ng. Pin c\u00f3 k\u00edch th\u01b0\u1edbc v\u1eeba ph\u1ea3i \u0111\u1ec3 \u0111\u1ea3m b\u1ea3o c\u00f4ng n\u0103ng s\u1eed d\u1ee5ng. Ngo\u00e0i ra, l\u00f5i pin Li-Po Smart c\u0169ng cho ph\u00e9p ng\u01b0\u1eddi d\u00f9ng s\u1ea1c pin m\u1ecdi l\u00fac, b\u1ea5t k\u1ec3 dung l\u01b0\u1ee3ng pin b\u00ean trong c\u00f2n l\u1ea1i bao nhi\u00eau m\u00e0 kh\u00f4ng l\u00e0m \u1ea3nh h\u01b0\u1edfng qu\u00e1 nhi\u1ec1u t\u1edbi ch\u1ea5t l\u01b0\u1ee3ng b\u1ed9 s\u1ea1c.<\/span><\/p>\n<p><span style=\"font-family: 'times new roman', times, serif; font-size: 110%;\">\u2013 Pin t\u00edch h\u1ee3p 1 c\u1ed5ng \u0111\u1ea7u ra USB gi\u00fap ng\u01b0\u1eddi d\u00f9ng c\u00f3 th\u1ec3 s\u1eed d\u1ee5ng nh\u01b0 1 c\u1ee5c s\u1ea1c d\u1ef1 ph\u00f2ng \u0111\u1ec3 s\u1ea1c \u0111i\u1ec7n tho\u1ea1i, m\u00e1y t\u00ednh, c\u00e1c \u0111\u1ed3 \u0111i\u1ec7n t\u1eed kh\u00e1c.<\/span><\/p>\n<p><span style=\"font-family: 'times new roman', times, serif; font-size: 110%;\">\u2013 Pin \u0111\u01b0\u1ee3c thi\u1ebft k\u1ebf ri\u00eang v\u1edbi c\u00e1c chi ti\u1ebft s\u1eafc n\u00e9t ,c\u00e1c \u0111\u01b0\u1eddng n\u00e9t v\u00e0 g\u00f3c c\u1ea1nh \u0111\u01b0\u1ee3c thi\u1ebft k\u1ebf gi\u00fap d\u1ec5 d\u00e0ng c\u1ea7m n\u1eafm s\u1eed d\u1ee5ng, logo th\u01b0\u01a1ng hi\u1ec7u n\u1ed5i b\u1eadt n\u1eb1m gi\u1eefa pin, m\u1eb7t sau c\u00f3 \u0111\u1ea7y \u0111\u1ee7 c\u00e1c th\u00f4ng tin c\u1ee7a s\u1ea3n ph\u1ea9m. Nh\u00ecn t\u1ed5ng th\u1ec3 pin s\u1ebd kh\u00e1c bi\u1ec7t ho\u00e0n to\u00e0n so v\u1edbi tr\u01b0\u1edbc \u0111\u00e2y v\u00e0 tr\u00ean th\u1ecb tr\u01b0\u1eddng.<\/span><\/p>\n<p><span style=\"font-family: 'times new roman', times, serif; font-size: 110%;\"><strong>\u2013 QU\u1ea0T SEKO 15V SI\u00caU M\u1ea0NH ( Seko n\u00f3i kh\u00f4ng v\u1edbi c\u00f4ng su\u1ea5t \u1ea3o )<\/strong><\/span><\/p>\n<p><span style=\"font-family: 'times new roman', times, serif; font-size: 110%;\">Hi\u1ec7u su\u1ea5t ho\u1ea1t \u0111\u1ed9ng v\u00f4 c\u00f9ng m\u1ea1nh m\u1ebd b\u1edfi c\u00f4ng su\u1ea5t qu\u1ea1t l\u00ean t\u1edbi 15V<\/span><\/p>\n<p><span style=\"font-family: 'times new roman', times, serif; font-size: 110%;\">\u2013 \u0110\u1ed9ng c\u01a1 m\u1edbi \u0111\u01b0\u1ee3c t\u00edch h\u1ee3p tr\u00ean qu\u1ea1t Seko l\u00e0 \u0111\u1ed9ng c\u01a1 100% t\u1eeb Nh\u1eadt B\u1ea3n, ch\u1ed1ng ti\u1ebfng \u1ed3n, ch\u1ea1y \u00eam, khi\u1ebfn cho s\u1ee9c kho\u1ebb \u0111\u01b0\u1ee3c \u0111\u1ea3m b\u1ea3o h\u01a1n so v\u1edbi \u0111\u1ed9ng c\u01a1 qu\u1ea1t qu\u00e1 to v\u00e0 \u1ed3n s\u1ebd \u1ea3nh h\u01b0\u1edfng \u0111\u1ebfn d\u00e2y th\u1ea7n kinh n\u00e3o khi l\u00e0m vi\u1ec7c s\u1eed d\u1ee5ng.<\/span><\/p>\n<p><span style=\"font-family: 'times new roman', times, serif; font-size: 110%;\">\u2013 Thi\u1ebft k\u1ebf qu\u1ea1t theo ti\u00eau chu\u1ea9n ch\u1ea5t l\u01b0\u1ee3ng cao v\u1edbi 5 c\u00e1nh qu\u1ea1t ho\u1ea1t \u0111\u1ed9ng m\u1ea1nh m\u1ebd,li\u00ean t\u1ee5c trong th\u1eddi gian d\u00e0i v\u1eabn \u0111\u1ea3m b\u1ea3o \u0111\u01b0\u1ee3c \u0111\u1ed9 b\u1ec1n v\u00e0 ti\u1ebft ki\u1ec7m \u0111i\u1ec7n n\u0103ng.<\/span><\/p>\n<p><span style=\"font-family: 'times new roman', times, serif; font-size: 110%;\"><strong>\u2013 S\u1ea0C TH\u00d4NG MINH<\/strong><\/span><\/p>\n<p><span style=\"font-family: 'times new roman', times, serif; font-size: 110%;\">\u2013 S\u1ea1c Seko l\u00e0\u00a0<strong>s\u1ea1c th\u00f4ng minh t\u1ef1 ng\u1eaft m\u1ea1ch<\/strong>\u00a0khi \u0111\u1ea7y, c\u00f3 \u0111\u00e8n b\u00e1o \u0111ang s\u1ea1c v\u00e0 khi s\u1ea1c \u0111\u1ea7y.<\/span><\/p>\n<p><span style=\"font-family: 'times new roman', times, serif; font-size: 110%;\">\u2013 V\u1edbi chip v\u00e0 m\u1ea1ch s\u1ea1c hi\u1ec7n \u0111\u1ea1i, \u0111\u00e8n tr\u00ean s\u1ea1c s\u1ebd \u0111\u1ed5i m\u00e0u \u0111\u1ed3ng th\u1eddi d\u00f2ng \u0111i\u1ec7n t\u1ef1 ng\u1eaft khi pin \u0111\u1ea7y gi\u00fap b\u1ea3o v\u1ec7 pin \u0111\u01b0\u1ee3c t\u1ed1t h\u01a1n, an to\u00e0n h\u01a1n, ch\u1ed1ng chai pin, hay g\u1eb7p c\u00e1c s\u1ef1 c\u1ed1 v\u1ec1 ch\u00e1y n\u1ed5 pin.<\/span><\/p>\n<p><span style=\"font-family: 'times new roman', times, serif; font-size: 110%;\"><strong>\u2013 D\u00c2Y C\u00c1P N\u1ed0I QU\u1ea0T<\/strong>:\u00a0 \u0110\u01b0\u1ee3c thi\u1ebft k\u1ebf \u0111\u1ea7u tr\u00f2n d\u1ec5 d\u00e0ng s\u1eed d\u1ee5ng khi n\u1ed1i pin v\u00e0 2 qu\u1ea1t, ch\u00e2n c\u1eafm ch\u1eafc ch\u1eafn, ti\u1ebfp x\u00fac ch\u00e2n c\u1ef1c k\u00ec t\u1ed1t.2 \u0111\u1ea7u c\u1ee7a d\u00e2y c\u00f3 \u0111i\u1ec3m g\u1edd gi\u1eef c\u1ed1 \u0111\u1ecbnh v\u00e0o qu\u1ea1t t\u0103ng \u0111\u1ed9 b\u1ec1n . B\u00ean trong \u0111\u01b0\u1ee3c c\u1ea5u t\u1ea1o b\u1eb1ng \u0111\u1ed3ng d\u00e0y \u0111\u1eb7c gi\u00fap cho d\u00e2y c\u00e1p truy\u1ec1n t\u1ea3i \u0111i\u1ec7n nhanh, b\u00ean ngo\u00e0i \u0111\u01b0\u1ee3c bao b\u1ecdc b\u1eb1ng cao su lo\u1ea1i m\u1ec1m d\u1ebbo k\u1ebft h\u1ee3p v\u1edbi th\u00e2n d\u00e2y to t\u1ea1o ra m\u1ed9t s\u1ea3n ph\u1ea9m cao c\u1ea5p v\u00f4 c\u00f9ng b\u1ec1n b\u1ec9 v\u00e0 ch\u1eafc ch\u1eafn, k\u00e9o d\u00e0i tu\u1ed5i th\u1ecd c\u1ee7a d\u00e2y.<\/span><\/p>\n<p><span style=\"font-family: 'times new roman', times, serif; font-size: 110%;\"><strong>\u2013 CH\u1ea4T LI\u1ec6U V\u1ea2I \u00c1O:<\/strong><\/span><\/p>\n<p><span style=\"font-family: 'times new roman', times, serif; font-size: 110%;\"><strong>\u00c1o \u0111i\u1ec1u ho\u00e0 seko s\u1eed d\u1ee5ng ch\u1ea5t li\u1ec7u chuy\u00ean d\u1ee5ng d\u00e0nh ri\u00eang cho \u00e1o \u0111i\u1ec1u ho\u00e0, v\u1edbi s\u1ee3i v\u1ea3i \u0111anh m\u1ecbn,gi\u1eef gi\u00f3 t\u1ed1t,si\u00eau m\u00e1t, ch\u1ea5t l\u01b0\u1ee3ng s\u1ee3i v\u1ea3i t\u1ed1t kh\u00f4ng phai, kh\u00f4ng nh\u00e0u,kh\u00f4ng x\u00f9 l\u00f4ng,c\u1ef1c k\u00ec b\u1ec1n \u0111\u1eb9p khi m\u1eb7c<\/strong><\/span><\/p>\n<p><span style=\"font-family: 'times new roman', times, serif; font-size: 110%;\">\u201cTr\u1ea3i nghi\u1ec7m s\u1ef1 tho\u1ea3i m\u00e1i \u0111\u1ec9nh cao v\u1edbi \u00e1o l\u00e0m t\u1eeb s\u1ee3i v\u1ea3i t\u1ed5ng h\u1ee3p cao c\u1ea5p: Th\u00e0nh Ph\u1ea7n ch\u00ednh 65% cotton, 35% polyester v\u00e0 5% modal \u2013 m\u1ec1m m\u1ea1i, tho\u00e1ng kh\u00ed v\u00e0 b\u1ec1n b\u1ec9 theo th\u1eddi gian!\u201d<\/span><\/p>\n<p><span style=\"font-family: 'times new roman', times, serif; font-size: 110%;\"><strong>Tho\u00e1ng kh\u00ed v\u00e0 th\u1ea5m h\u00fat m\u1ed3 h\u00f4i t\u1ed1t:<\/strong>\u00a0V\u1edbi 65% cotton, v\u1ea3i n\u00e0y c\u00f3 kh\u1ea3 n\u0103ng th\u1ea5m h\u00fat m\u1ed3 h\u00f4i t\u1ed1t, gi\u00fap ng\u01b0\u1eddi m\u1eb7c c\u1ea3m th\u1ea5y tho\u1ea3i m\u00e1i v\u00e0 tho\u00e1ng m\u00e1t, \u0111\u1eb7c bi\u1ec7t trong \u0111i\u1ec1u ki\u1ec7n th\u1eddi ti\u1ebft n\u00f3ng b\u1ee9c.<\/span><\/p>\n<p><span style=\"font-family: 'times new roman', times, serif; font-size: 110%;\"><strong>\u0110\u1ed9 b\u1ec1n cao:<\/strong>\u00a0Polyester chi\u1ebfm 35% gi\u00fap t\u0103ng \u0111\u1ed9 b\u1ec1n c\u1ee7a v\u1ea3i, l\u00e0m cho n\u00f3 ch\u1ed1ng nh\u0103n, ch\u1ed1ng co r\u00fat v\u00e0 d\u1ec5 b\u1ea3o qu\u1ea3n. V\u1ea3i n\u00e0y c\u00f3 kh\u1ea3 n\u0103ng ch\u1ecbu \u0111\u01b0\u1ee3c nhi\u1ec1u l\u1ea7n gi\u1eb7t m\u00e0 kh\u00f4ng b\u1ecb m\u1ea5t d\u00e1ng.<\/span><\/p>\n<p><span style=\"font-family: 'times new roman', times, serif; font-size: 110%;\"><strong>M\u1ec1m m\u1ea1i v\u00e0 tho\u00e1ng m\u00e1t:<\/strong>\u00a0Modal l\u00e0 lo\u1ea1i s\u1ee3i t\u1ed5ng h\u1ee3p cao c\u1ea5p t\u1eeb c\u00e2y g\u1ed7 s\u1ed3i, chi\u1ebfm 5% trong th\u00e0nh ph\u1ea7n v\u1ea3i, mang l\u1ea1i \u0111\u1ed9 m\u1ec1m m\u1ea1i v\u00e0 m\u1ecbn m\u00e0ng cho b\u1ec1 m\u1eb7t v\u1ea3i. Modal c\u0169ng c\u00f3 \u0111\u1eb7c t\u00ednh th\u1ea5m h\u00fat \u1ea9m, kh\u1eed m\u00f9i t\u1ed1t v\u00e0 kh\u00f4 nhanh, t\u0103ng c\u01b0\u1eddng s\u1ef1 tho\u1ea3i m\u00e1i khi m\u1eb7c.<\/span><\/p>\n<p><span style=\"font-family: 'times new roman', times, serif; font-size: 110%;\"><strong>Co d\u00e3n t\u1ed1t:<\/strong>\u00a0S\u1ef1 k\u1ebft h\u1ee3p c\u1ee7a c\u00e1c th\u00e0nh ph\u1ea7n v\u1ea3i n\u00e0y cung c\u1ea5p \u0111\u1ed9 co gi\u00e3n nh\u1eb9, gi\u00fap \u00e1o \u00f4m v\u1eeba v\u1eb7n c\u01a1 th\u1ec3 m\u00e0 kh\u00f4ng g\u00e2y c\u1ea3m gi\u00e1c g\u00f2 b\u00f3. \u0110i\u1ec1u n\u00e0y \u0111\u1eb7c bi\u1ec7t h\u1eefu \u00edch khi ng\u01b0\u1eddi m\u1eb7c ho\u1ea1t \u0111\u1ed9ng nhi\u1ec1u.<\/span><\/p>\n<p><span style=\"font-family: 'times new roman', times, serif; font-size: 110%;\"><strong>Ch\u1ed1ng nh\u0103n v\u00e0 d\u1ec5 b\u1ea3o qu\u1ea3n:<\/strong>\u00a0Nh\u1edd s\u1ef1 k\u1ebft h\u1ee3p v\u1edbi polyester, v\u1ea3i \u00edt b\u1ecb nh\u0103n v\u00e0 d\u1ec5 l\u00e0 \u1ee7i, gi\u1eef d\u00e1ng l\u00e2u b\u1ec1n. \u0110i\u1ec1u n\u00e0y l\u00e0m cho vi\u1ec7c b\u1ea3o qu\u1ea3n v\u00e0 ch\u0103m s\u00f3c \u00e1o tr\u1edf n\u00ean d\u1ec5 d\u00e0ng h\u01a1n.<\/span><\/p>\n<p><span style=\"font-family: 'times new roman', times, serif; font-size: 110%;\"><strong>Ch\u1ed1ng co r\u00fat:<\/strong>\u00a0S\u1ef1 k\u1ebft h\u1ee3p c\u1ee7a polyester v\u00e0 modal gi\u00fap v\u1ea3i \u00edt b\u1ecb co r\u00fat sau nhi\u1ec1u l\u1ea7n gi\u1eb7t, gi\u1eef nguy\u00ean k\u00edch th\u01b0\u1edbc v\u00e0 h\u00ecnh d\u1ea1ng ban \u0111\u1ea7u c\u1ee7a \u00e1o.<\/span><\/p>\n<p><span style=\"font-family: 'times new roman', times, serif; font-size: 110%;\"><strong>Ch\u1ed1ng tia l\u1eeda \u0111i\u1ec7n:<\/strong>\u00a0S\u1ee3i v\u1ea3i ch\u1ee9a Nano Ch\u1ed1ng b\u1eaft tia l\u1eeda \u0111i\u1ec7n, c\u00f3 kh\u1ea3 n\u0103ng ch\u1ed1ng ch\u00e1y nh\u1eb9, ph\u00f9 h\u1ee3p cho c\u00e1c ng\u00e0nh ngh\u1ec1: th\u1ee3 h\u00e0n,x\u00e2y d\u1ef1ng c\u1ea7u \u0111\u01b0\u1eddng, c\u00e1c ngh\u1ec1 ti\u1ebfp x\u00fac v\u1edbi nhi\u1ec7t \u0111\u1ed9 cao<\/span><\/p>\n<p><span style=\"font-family: 'times new roman', times, serif; font-size: 110%;\"><strong>T\u00d3M L\u1ea0I:<\/strong>\u00a0V\u1ea3i t\u1ed5ng h\u1ee3p cao c\u1ea5p v\u1edbi 65% cotton, 35% polyester v\u00e0 5% modal mang l\u1ea1i s\u1ef1 c\u00e2n b\u1eb1ng ho\u00e0n h\u1ea3o gi\u1eefa tho\u1ea3i m\u00e1i, b\u1ec1n b\u1ec9 v\u00e0 d\u1ec5 ch\u0103m s\u00f3c, l\u00e0 lo\u1ea1i v\u1ea3i chuy\u00ean d\u1ee5ng d\u00e0nh cho \u00e1o \u0111i\u1ec1u ho\u00e0.<\/span><\/p>\n<p><span style=\"font-family: 'times new roman', times, serif; font-size: 110%;\"><strong>M\u1ed8T B\u1ed8 \u1ea4O \u0110I\u1ec0U HO\u00c0 SEKO \u0110\u1ea6Y \u0110\u1ee6 G\u1ed2M :<\/strong><\/span><\/p>\n<p><span style=\"font-family: 'times new roman', times, serif; font-size: 110%;\"><strong>1 \u00c1o R\u1eddi + 1 Pin 36.000mah + 2 Qu\u1ea1t Kh\u00f4ng Ch\u1ed5i Than 15V + 1 S\u1ea1c th\u00f4ng minh + 1 D\u00e2y N\u1ed1i + T\u1eb7ng 2 \u0110\u00e1 Kh\u00f4 Gel Nh\u1eadt B\u1ea3n<\/strong><\/span><\/p>\n<p><span style=\"font-family: 'times new roman', times, serif; font-size: 110%;\"><strong>CH\u00cdNH S\u00c1CH B\u1ea2O H\u00c0NH \u00c1O \u0110I\u1ec0U H\u00d2A\u00a0 SEKO:<\/strong><\/span><\/p>\n<p><span style=\"font-family: 'times new roman', times, serif; font-size: 110%;\">\u2013 Pin, Qu\u1ea1t: B\u1ea3o h\u00e0nh 12 th\u00e1ng do l\u1ed7i c\u1ee7a nh\u00e0 s\u1ea3n xu\u1ea5t. Kh\u00f4ng ch\u1ecbu b\u1ea5t k\u00ec t\u00e1c \u0111\u1ed9ng n\u00e0o t\u1eeb b\u00ean ngo\u00e0i.<\/span><\/p>\n<p><span style=\"font-family: 'times new roman', times, serif; font-size: 110%;\">Ch\u00ednh s\u00e1ch \u0111\u1ed5i tr\u1ea3:<\/span><\/p>\n<p><span style=\"font-family: 'times new roman', times, serif; font-size: 110%;\">\u2013 S\u1ea3n ph\u1ea9m \u0111\u01b0\u1ee3c \u0111\u1ed5i khi kh\u00e1ch h\u00e0ng mua h\u00e0ng nh\u1ea7m size, nh\u1ea7m m\u00e0u<\/span><\/p>\n<p><span style=\"font-family: 'times new roman', times, serif; font-size: 110%;\">\u2013 S\u1ea3n ph\u1ea9m \u0111\u01b0\u1ee3c ho\u00e0n tr\u1ea3 n\u1ebfu kh\u00e1ch h\u00e0ng ki\u1ec3m tra kh\u00f4ng \u0111\u00fang nh\u01b0 qu\u1ea3ng c\u00e1o<\/span><\/p>\n<p><span style=\"font-family: 'times new roman', times, serif; font-size: 110%;\"><strong><em>\u0110\u01af\u1ee2C KI\u1ec2M TRA H\u00c0NG KHI THANH TO\u00c1N CAM K\u1ebeT S\u1ea2N PH\u1ea8M CH\u00cdNH H\u00c3NG\u00a0<\/em><\/strong><\/span><\/p>\n<p><span style=\"font-family: 'times new roman', times, serif; font-size: 110%;\"><strong>Hotline: 0979.498.662 \u2013 0867.033.826<\/strong><\/span><\/p>\n<p><span style=\"font-family: 'times new roman', times, serif; font-size: 110%;\"><strong>Tuy\u1ec3n \u0111\u1ea1i l\u00fd, s\u1ec9, ctv to\u00e0n qu\u1ed1c<\/strong><\/span><\/p>\n","protected":false},"excerpt":{"rendered":"<p>\u00c1O \u0110I\u1ec0U H\u00d2A SEKO \u2013 TH\u01af\u01a0NG HI\u1ec6U \u00c1O \u0110I\u1ec0U HO\u00c0 CAO C\u1ea4P NH\u1eacT B\u1ea2N T\u1ea0I VI\u1ec6T NAM V\u1edbi s\u1ee9 m\u1ec7nh mang \u0111\u1ebfn cho kh\u00e1ch h\u00e0ng nh\u1eefng s\u1ea3n ph\u1ea9m \u00e1o \u0111i\u1ec1u ho\u00e0 ch\u1ea5t l\u01b0\u1ee3ng cao n\u0103m 2024 Seko ti\u1ebfp t\u1ee5c cho ra c\u00e1c si\u00eau ph\u1ea9m \u00e1o \u0111i\u1ec1u ho\u00e0 th\u1ebf h\u1ec7 m\u1edbi \u201cth\u00e1ch th\u1ee9c\u201d th\u1eddi ti\u1ebft n\u1eafng&#8230;<\/p>\n","protected":false},"featured_media":1332,"comment_status":"open","ping_status":"closed","template":"","meta":[],"product_cat":[15],"product_tag":[],"yst_prominent_words":[],"class_list":{"0":"post-1331","1":"product","2":"type-product","3":"status-publish","4":"has-post-thumbnail","6":"product_cat-ao-dieu-hoa","8":"first","9":"instock","10":"sale","11":"shipping-taxable","12":"purchasable","13":"product-type-simple"},"_links":{"self":[{"href":"https:\/\/seko.com.vn\/index.php?rest_route=\/wp\/v2\/product\/1331"}],"collection":[{"href":"https:\/\/seko.com.vn\/index.php?rest_route=\/wp\/v2\/product"}],"about":[{"href":"https:\/\/seko.com.vn\/index.php?rest_route=\/wp\/v2\/types\/product"}],"replies":[{"embeddable":true,"href":"https:\/\/seko.com.vn\/index.php?rest_route=%2Fwp%2Fv2%2Fcomments&post=1331"}],"wp:featuredmedia":[{"embeddable":true,"href":"https:\/\/seko.com.vn\/index.php?rest_route=\/wp\/v2\/media\/1332"}],"wp:attachment":[{"href":"https:\/\/seko.com.vn\/index.php?rest_route=%2Fwp%2Fv2%2Fmedia&parent=1331"}],"wp:term":[{"taxonomy":"product_cat","embeddable":true,"href":"https:\/\/seko.com.vn\/index.php?rest_route=%2Fwp%2Fv2%2Fproduct_cat&post=1331"},{"taxonomy":"product_tag","embeddable":true,"href":"https:\/\/seko.com.vn\/index.php?rest_route=%2Fwp%2Fv2%2Fproduct_tag&post=1331"},{"taxonomy":"yst_prominent_words","embeddable":true,"href":"https:\/\/seko.com.vn\/index.php?rest_route=%2Fwp%2Fv2%2Fyst_prominent_words&post=1331"}],"curies":[{"name":"wp","href":"https:\/\/api.w.org\/{rel}","templated":true}]}}